{"id":147,"date":"2025-01-18T19:20:38","date_gmt":"2025-01-18T19:20:38","guid":{"rendered":"https:\/\/rgartworks.com\/?page_id=147"},"modified":"2025-08-08T10:57:19","modified_gmt":"2025-08-08T10:57:19","slug":"terms-conditions","status":"publish","type":"page","link":"https:\/\/rgartworks.com\/hu\/terms-conditions\/","title":{"rendered":"Felhaszn\u00e1l\u00e1si felt\u00e9telek"},"content":{"rendered":"<div data-elementor-type=\"wp-page\" data-elementor-id=\"147\" class=\"elementor elementor-147\" data-elementor-post-type=\"page\">\n\t\t\t\t<div class=\"elementor-element elementor-element-240d0c29 e-flex e-con-boxed e-con e-parent\" data-id=\"240d0c29\" data-element_type=\"container\">\n\t\t\t\t\t<div class=\"e-con-inner\">\n\t\t\t\t<div class=\"elementor-element elementor-element-3e6316e2 elementor-widget elementor-widget-text-editor\" data-id=\"3e6316e2\" data-element_type=\"widget\" data-widget_type=\"text-editor.default\">\n\t\t\t\t<div class=\"elementor-widget-container\">\n\t\t\t\t\t\t\t\t\t\n<p><strong>Felhaszn\u00e1l\u00e1si felt\u00e9telek<\/strong><\/p>\n<p><strong>Roland Gyetvai Works of Art Kft. \/ Gal\u00e9ria<\/strong>\u00a0<\/p>\n\n<p><strong>1. A felt\u00e9telek elfogad\u00e1sa<\/strong>\u00a0<\/p>\n\n<p>A Roland Gyetvai Works of Art Kft. (\u201eRG Works of Art\u201d, \u201emi\u201d, \u201eminket\u201d vagy \u201eminket illet\u0151en\u201d) \u00e1ltal ny\u00fajtott b\u00e1rmely szolg\u00e1ltat\u00e1s el\u00e9r\u00e9s\u00e9vel, b\u00f6ng\u00e9sz\u00e9s\u00e9vel vagy haszn\u00e1lat\u00e1val \u00d6n elfogadja, hogy a jelen Felhaszn\u00e1l\u00e1si felt\u00e9telek (\u201eFelt\u00e9telek\u201d) k\u00f6telez\u0151ek \u00d6nre n\u00e9zve. Ezen Felt\u00e9telek minden l\u00e1togat\u00f3ra, felhaszn\u00e1l\u00f3ra \u00e9s \u00fcgyf\u00e9lre vonatkoznak, akik hozz\u00e1f\u00e9rnek vagy haszn\u00e1lj\u00e1k szolg\u00e1ltat\u00e1sainkat.\u00a0<\/p>\n\n<p><strong>2. Hiteless\u00e9gi garancia<\/strong>\u00a0<\/p>\n\n<p>Garant\u00e1ljuk, hogy minden elad\u00e1sra k\u00edn\u00e1lt m\u0171alkot\u00e1s eredeti, valamint a le\u00edr\u00e1snak \u00e9s az illusztr\u00e1ci\u00f3nak megfelel\u0151. Minden egyes darabot a legnagyobb gondoss\u00e1ggal \u00e9s hiteless\u00e9ggel mutatunk be.\u00a0<\/p>\n\n<p><strong>3. A m\u0171alkot\u00e1sok dat\u00e1l\u00e1sa<\/strong>\u00a0<\/p>\n\n<p>A m\u0171alkot\u00e1sok dat\u00e1l\u00e1sa szakmai tud\u00e1sunkon \u00e9s legjobb szak\u00e9rt\u0151i meg\u00edt\u00e9l\u00e9s\u00fcnk\u00f6n alapul. A m\u0171vekhez rendelt \u00e9vsz\u00e1mok \u00e9s korszakok v\u00e9lem\u00e9nynek min\u0151s\u00fclnek, nem pedig t\u00e9nymeg\u00e1llap\u00edt\u00e1snak. Az RG Works of Art Kft. nem garant\u00e1lja ezek pontoss\u00e1g\u00e1t. V\u00e1s\u00e1rl\u00e1ssal \u00d6n elismeri \u00e9s elfogadja ezen felt\u00e9telt.\u00a0<\/p>\n\n<p><strong>4. V\u00e1s\u00e1rl\u00e1s \u00e9s fizet\u00e9s<\/strong>\u00a0<\/p>\n\n<ul class=\"wp-block-list\">\n<li>Minden \u00e1r k\u00e9r\u00e9sre el\u00e9rhet\u0151, \u00e9s e-mailben, telefonon vagy a weboldal kapcsolatfelv\u00e9teli \u0171rlapj\u00e1n kereszt\u00fcl k\u00f6z\u00f6lhet\u0151.\u00a0<\/li>\n<\/ul>\n\n<ul class=\"wp-block-list\">\n<li class=\"translation-block\">A fizet\u00e9s t\u00f6rt\u00e9nhet <strong>banki \u00e1tutal\u00e1ssal<\/strong>, <strong>k\u00e9szp\u00e9nzben<\/strong>, <strong>PayPalon<\/strong> kereszt\u00fcl vagy <strong>f\u0151bb hitelk\u00e1rty\u00e1kkal (Visa stb.)<\/strong>.<\/li>\n<\/ul>\n\n<ul class=\"wp-block-list\">\n<li class=\"translation-block\">A sz\u00e1mla k\u00e9zhezv\u00e9tel\u00e9t k\u00f6vet\u0151en a teljes \u00f6sszeget <strong>14 napt\u00e1ri napon<\/strong> bel\u00fcl kell megfizetni.<\/li>\n<\/ul>\n\n<ul class=\"wp-block-list\">\n<li class=\"translation-block\">El\u00e9rhet\u0151 egy <strong>foglal\u00e1si lehet\u0151s\u00e9g<\/strong>: a t\u00e1rgy <strong>teljes \u00e1r\u00e1nak 5%-\u00e1t<\/strong> kitev\u0151 el\u0151leg befizet\u00e9s\u00e9vel a m\u0171t\u00e1rgy legfeljebb <strong>7 napra<\/strong> lefoglalhat\u00f3. Ha a v\u00e1s\u00e1rl\u00e1s ezen id\u0151n bel\u00fcl nem t\u00f6rt\u00e9nik meg, az el\u0151leg elveszik.<\/li>\n<\/ul>\n\n<ul class=\"wp-block-list\">\n<li class=\"translation-block\">Az \u00e1rak <strong>tartalmazz\u00e1k az \u00c1F\u00c1-t<\/strong>.<\/li>\n<\/ul>\n\n<ul class=\"wp-block-list\">\n<li class=\"translation-block\">Az \u00e1rak <strong>tartalmazz\u00e1k az \u00c1F\u00c1-t<\/strong>.<\/li>\n<\/ul>\n\n<p><strong>5. Visszak\u00fcld\u00e9s \u00e9s visszat\u00e9r\u00edt\u00e9s<\/strong>\u00a0<\/p>\n\n<p>Minden \u00e9rt\u00e9kes\u00edt\u00e9s v\u00e9glegesnek min\u0151s\u00fcl. Visszak\u00fcld\u00e9sre vagy visszat\u00e9r\u00edt\u00e9sre csak az al\u00e1bbi esetekben van lehet\u0151s\u00e9g:\u00a0<\/p>\n\n<ul class=\"wp-block-list\">\n<li class=\"translation-block\">A t\u00e1rgyr\u00f3l bebizonyosodik, hogy <strong>jelent\u0151sen elt\u00e9r a le\u00edr\u00e1st\u00f3l<\/strong>, vagy<\/li>\n<\/ul>\n\n<ul class=\"wp-block-list\">\n<li class=\"translation-block\">A t\u00e1rgy <strong>sz\u00e1ll\u00edt\u00e1s k\u00f6zben megs\u00e9r\u00fcl<\/strong>, \u00e9s az ilyen s\u00e9r\u00fcl\u00e9sre vonatkozik a megfelel\u0151 sz\u00e1ll\u00edt\u00e1si biztos\u00edt\u00e1s.<\/li>\n<\/ul>\n\n<p>K\u00e9rj\u00fck, a k\u00fcldem\u00e9nyeket \u00e9rkez\u00e9skor halad\u00e9ktalanul ellen\u0151rizze, \u00e9s b\u00e1rmilyen probl\u00e9ma eset\u00e9n azonnal \u00e9rtes\u00edtsen minket.\u00a0<\/p>\n\n<p><strong>6. Sz\u00e1ll\u00edt\u00e1s<\/strong>\u00a0<\/p>\n\n<ul class=\"wp-block-list\">\n<li class=\"translation-block\">Az \u00e1rak <strong>nem<\/strong> tartalmazz\u00e1k a sz\u00e1ll\u00edt\u00e1si k\u00f6lts\u00e9get.<\/li>\n<\/ul>\n\n<ul class=\"wp-block-list\">\n<li class=\"translation-block\">Sz\u00e1ll\u00edt\u00e1st <strong>UPS<\/strong> \u00e9s <strong>FedEx<\/strong> fut\u00e1rszolg\u00e1lattal k\u00edn\u00e1lunk. Egy\u00e9b lehet\u0151s\u00e9gek k\u00e9r\u00e9sre megszervezhet\u0151k.<\/li>\n<\/ul>\n\n<ul class=\"wp-block-list\">\n<li>Minden sz\u00e1ll\u00edt\u00e1si k\u00f6lts\u00e9g, v\u00e1m \u00e9s biztos\u00edt\u00e1si d\u00edj a v\u00e1s\u00e1rl\u00f3t terheli, hacsak \u00edr\u00e1sban m\u00e1sk\u00e9nt nem \u00e1llapodtunk meg.\u00a0<\/li>\n<\/ul>\n\n<ul class=\"wp-block-list\">\n<li>A m\u0171alkot\u00e1s felad\u00e1sa ut\u00e1n az esetleges k\u00e9s\u00e9sek\u00e9rt vagy k\u00e1rok\u00e9rt nem v\u00e1llalunk felel\u0151ss\u00e9get, kiv\u00e9ve, ha azokat a biztos\u00edt\u00e1s fedezi.\u00a0<\/li>\n<\/ul>\n\t\t\t\t\t\t\t\t<\/div>\n\t\t\t\t<\/div>\n\t\t\t\t\t<\/div>\n\t\t\t\t<\/div>\n\t\t\t\t<\/div>","protected":false},"excerpt":{"rendered":"<p>Terms &amp; Conditions Roland Gyetvai Works of Art Kft. \/ Gallery\u00a0 1. Acceptance of Terms\u00a0 By accessing, browsing, or using any services provided by Roland Gyetvai Works of Art Kft. (\u201cRG Works of Art\u201d, \u201cwe\u201d, \u201cus\u201d, or \u201cour\u201d), you agree to be bound by the following Terms and Conditions (\u201cTerms\u201d). These Terms apply to all [&hellip;]<\/p>","protected":false},"author":1,"featured_media":0,"parent":0,"menu_order":0,"comment_status":"closed","ping_status":"closed","template":"","meta":{"footnotes":""},"class_list":["post-147","page","type-page","status-publish","hentry"],"yoast_head":"<!-- This site is optimized with the Yoast SEO Premium plugin v25.0 (Yoast SEO v25.0) - https:\/\/yoast.com\/wordpress\/plugins\/seo\/ -->\n<title>Terms &amp; Conditions - RG Works of Art<\/title>\n<meta name=\"robots\" content=\"index, follow, max-snippet:-1, max-image-preview:large, max-video-preview:-1\" \/>\n<link rel=\"canonical\" href=\"https:\/\/rgartworks.com\/hu\/terms-conditions\/\" \/>\n<meta property=\"og:locale\" content=\"hu_HU\" \/>\n<meta property=\"og:type\" content=\"article\" \/>\n<meta property=\"og:title\" content=\"Terms &amp; Conditions\" \/>\n<meta property=\"og:description\" content=\"Terms &amp; Conditions Roland Gyetvai Works of Art Kft. \/ Gallery\u00a0 1. Acceptance of Terms\u00a0 By accessing, browsing, or using any services provided by Roland Gyetvai Works of Art Kft. (\u201cRG Works of Art\u201d, \u201cwe\u201d, \u201cus\u201d, or \u201cour\u201d), you agree to be bound by the following Terms and Conditions (\u201cTerms\u201d). These Terms apply to all [&hellip;]\" \/>\n<meta property=\"og:url\" content=\"https:\/\/rgartworks.com\/hu\/terms-conditions\/\" \/>\n<meta property=\"og:site_name\" content=\"RG Works of Art\" \/>\n<meta property=\"article:modified_time\" content=\"2025-08-08T10:57:19+00:00\" \/>\n<meta name=\"twitter:card\" content=\"summary_large_image\" \/>\n<meta name=\"twitter:label1\" content=\"Becs\u00fclt olvas\u00e1si id\u0151\" \/>\n\t<meta name=\"twitter:data1\" content=\"2 perc\" \/>\n<script type=\"application\/ld+json\" class=\"yoast-schema-graph\">{\"@context\":\"https:\/\/schema.org\",\"@graph\":[{\"@type\":\"WebPage\",\"@id\":\"https:\/\/rgartworks.com\/terms-conditions\/\",\"url\":\"https:\/\/rgartworks.com\/terms-conditions\/\",\"name\":\"Terms &amp; Conditions - RG Works of Art\",\"isPartOf\":{\"@id\":\"https:\/\/www.rgartworks.com\/#website\"},\"datePublished\":\"2025-01-18T19:20:38+00:00\",\"dateModified\":\"2025-08-08T10:57:19+00:00\",\"breadcrumb\":{\"@id\":\"https:\/\/rgartworks.com\/terms-conditions\/#breadcrumb\"},\"inLanguage\":\"hu\",\"potentialAction\":[{\"@type\":\"ReadAction\",\"target\":[\"https:\/\/rgartworks.com\/terms-conditions\/\"]}]},{\"@type\":\"BreadcrumbList\",\"@id\":\"https:\/\/rgartworks.com\/terms-conditions\/#breadcrumb\",\"itemListElement\":[{\"@type\":\"ListItem\",\"position\":1,\"name\":\"Home\",\"item\":\"https:\/\/www.rgartworks.com\/\"},{\"@type\":\"ListItem\",\"position\":2,\"name\":\"Terms &amp; Conditions\"}]},{\"@type\":\"WebSite\",\"@id\":\"https:\/\/www.rgartworks.com\/#website\",\"url\":\"https:\/\/www.rgartworks.com\/\",\"name\":\"RG Works of Art\",\"description\":\"Discover Serenity Through Buddhist Sculpture &amp; Art\",\"publisher\":{\"@id\":\"https:\/\/www.rgartworks.com\/#organization\"},\"potentialAction\":[{\"@type\":\"SearchAction\",\"target\":{\"@type\":\"EntryPoint\",\"urlTemplate\":\"https:\/\/www.rgartworks.com\/?s={search_term_string}\"},\"query-input\":{\"@type\":\"PropertyValueSpecification\",\"valueRequired\":true,\"valueName\":\"search_term_string\"}}],\"inLanguage\":\"hu\"},{\"@type\":\"Organization\",\"@id\":\"https:\/\/www.rgartworks.com\/#organization\",\"name\":\"RG Works of Art\",\"url\":\"https:\/\/www.rgartworks.com\/\",\"logo\":{\"@type\":\"ImageObject\",\"inLanguage\":\"hu\",\"@id\":\"https:\/\/www.rgartworks.com\/#\/schema\/logo\/image\/\",\"url\":\"https:\/\/rgartworks.com\/wp-content\/uploads\/2025\/01\/rgworksofartlogo.png\",\"contentUrl\":\"https:\/\/rgartworks.com\/wp-content\/uploads\/2025\/01\/rgworksofartlogo.png\",\"width\":500,\"height\":700,\"caption\":\"RG Works of Art\"},\"image\":{\"@id\":\"https:\/\/www.rgartworks.com\/#\/schema\/logo\/image\/\"}}]}<\/script>\n<!-- \/ Yoast SEO Premium plugin. -->","yoast_head_json":{"title":"Terms &amp; Conditions - RG Works of Art","robots":{"index":"index","follow":"follow","max-snippet":"max-snippet:-1","max-image-preview":"max-image-preview:large","max-video-preview":"max-video-preview:-1"},"canonical":"https:\/\/rgartworks.com\/hu\/terms-conditions\/","og_locale":"hu_HU","og_type":"article","og_title":"Terms &amp; Conditions","og_description":"Terms &amp; Conditions Roland Gyetvai Works of Art Kft. \/ Gallery\u00a0 1. Acceptance of Terms\u00a0 By accessing, browsing, or using any services provided by Roland Gyetvai Works of Art Kft. (\u201cRG Works of Art\u201d, \u201cwe\u201d, \u201cus\u201d, or \u201cour\u201d), you agree to be bound by the following Terms and Conditions (\u201cTerms\u201d). These Terms apply to all [&hellip;]","og_url":"https:\/\/rgartworks.com\/hu\/terms-conditions\/","og_site_name":"RG Works of Art","article_modified_time":"2025-08-08T10:57:19+00:00","twitter_card":"summary_large_image","twitter_misc":{"Becs\u00fclt olvas\u00e1si id\u0151":"2 perc"},"schema":{"@context":"https:\/\/schema.org","@graph":[{"@type":"WebPage","@id":"https:\/\/rgartworks.com\/terms-conditions\/","url":"https:\/\/rgartworks.com\/terms-conditions\/","name":"Terms &amp; Conditions - RG Works of Art","isPartOf":{"@id":"https:\/\/www.rgartworks.com\/#website"},"datePublished":"2025-01-18T19:20:38+00:00","dateModified":"2025-08-08T10:57:19+00:00","breadcrumb":{"@id":"https:\/\/rgartworks.com\/terms-conditions\/#breadcrumb"},"inLanguage":"hu","potentialAction":[{"@type":"ReadAction","target":["https:\/\/rgartworks.com\/terms-conditions\/"]}]},{"@type":"BreadcrumbList","@id":"https:\/\/rgartworks.com\/terms-conditions\/#breadcrumb","itemListElement":[{"@type":"ListItem","position":1,"name":"Home","item":"https:\/\/www.rgartworks.com\/"},{"@type":"ListItem","position":2,"name":"Terms &amp; Conditions"}]},{"@type":"WebSite","@id":"https:\/\/www.rgartworks.com\/#website","url":"https:\/\/www.rgartworks.com\/","name":"RG Works of Art","description":"Discover Serenity Through Buddhist Sculpture &amp; Art","publisher":{"@id":"https:\/\/www.rgartworks.com\/#organization"},"potentialAction":[{"@type":"SearchAction","target":{"@type":"EntryPoint","urlTemplate":"https:\/\/www.rgartworks.com\/?s={search_term_string}"},"query-input":{"@type":"PropertyValueSpecification","valueRequired":true,"valueName":"search_term_string"}}],"inLanguage":"hu"},{"@type":"Organization","@id":"https:\/\/www.rgartworks.com\/#organization","name":"RG Works of Art","url":"https:\/\/www.rgartworks.com\/","logo":{"@type":"ImageObject","inLanguage":"hu","@id":"https:\/\/www.rgartworks.com\/#\/schema\/logo\/image\/","url":"https:\/\/rgartworks.com\/wp-content\/uploads\/2025\/01\/rgworksofartlogo.png","contentUrl":"https:\/\/rgartworks.com\/wp-content\/uploads\/2025\/01\/rgworksofartlogo.png","width":500,"height":700,"caption":"RG Works of Art"},"image":{"@id":"https:\/\/www.rgartworks.com\/#\/schema\/logo\/image\/"}}]}},"_links":{"self":[{"href":"https:\/\/rgartworks.com\/hu\/wp-json\/wp\/v2\/pages\/147","targetHints":{"allow":["GET"]}}],"collection":[{"href":"https:\/\/rgartworks.com\/hu\/wp-json\/wp\/v2\/pages"}],"about":[{"href":"https:\/\/rgartworks.com\/hu\/wp-json\/wp\/v2\/types\/page"}],"author":[{"embeddable":true,"href":"https:\/\/rgartworks.com\/hu\/wp-json\/wp\/v2\/users\/1"}],"replies":[{"embeddable":true,"href":"https:\/\/rgartworks.com\/hu\/wp-json\/wp\/v2\/comments?post=147"}],"version-history":[{"count":9,"href":"https:\/\/rgartworks.com\/hu\/wp-json\/wp\/v2\/pages\/147\/revisions"}],"predecessor-version":[{"id":3558,"href":"https:\/\/rgartworks.com\/hu\/wp-json\/wp\/v2\/pages\/147\/revisions\/3558"}],"wp:attachment":[{"href":"https:\/\/rgartworks.com\/hu\/wp-json\/wp\/v2\/media?parent=147"}],"curies":[{"name":"wp","href":"https:\/\/api.w.org\/{rel}","templated":true}]}}