{"id":147,"date":"2025-01-18T19:20:38","date_gmt":"2025-01-18T19:20:38","guid":{"rendered":"https:\/\/rgartworks.com\/?page_id=147"},"modified":"2025-08-08T10:57:19","modified_gmt":"2025-08-08T10:57:19","slug":"terms-conditions","status":"publish","type":"page","link":"https:\/\/rgartworks.com\/fr\/terms-conditions\/","title":{"rendered":"Conditions g\u00e9n\u00e9rales d'utilisation"},"content":{"rendered":"<div data-elementor-type=\"wp-page\" data-elementor-id=\"147\" class=\"elementor elementor-147\" data-elementor-post-type=\"page\">\n\t\t\t\t<div class=\"elementor-element elementor-element-240d0c29 e-flex e-con-boxed e-con e-parent\" data-id=\"240d0c29\" data-element_type=\"container\">\n\t\t\t\t\t<div class=\"e-con-inner\">\n\t\t\t\t<div class=\"elementor-element elementor-element-3e6316e2 elementor-widget elementor-widget-text-editor\" data-id=\"3e6316e2\" data-element_type=\"widget\" data-widget_type=\"text-editor.default\">\n\t\t\t\t<div class=\"elementor-widget-container\">\n\t\t\t\t\t\t\t\t\t\n<p><strong>Conditions g\u00e9n\u00e9rales d'utilisation<\/strong><\/p>\n<p><strong>Roland Gyetvai Works of Art SARL \/ Galerie<\/strong>\u00a0<\/p>\n\n<p><strong>1. Acceptation des condition<\/strong>\u00a0<\/p>\n\n<p>En acc\u00e9dant, en naviguant ou en utilisant les services fournis par Roland Gyetvai Works of Art Kft. (\u00ab RG Works of Art \u00bb, \u00ab nous \u00bb, \u00ab notre \u00bb ou \u00ab nos \u00bb), vous acceptez d\u2019\u00eatre li\u00e9 par les pr\u00e9sentes Conditions g\u00e9n\u00e9rales (\u00ab Conditions \u00bb). Ces Conditions s\u2019appliquent \u00e0 tous les visiteurs, utilisateurs et clients acc\u00e9dant \u00e0 ou utilisant nos services.\u00a0<\/p>\n\n<p><strong>2. Garantie d\u2019authenticit\u00e9<\/strong>\u00a0<\/p>\n\n<p>Nous garantissons que toutes les \u0153uvres d\u2019art propos\u00e9es \u00e0 la vente sont authentiques et conformes \u00e0 leur description et illustration. Chaque pi\u00e8ce est pr\u00e9sent\u00e9e avec le plus grand soin et une int\u00e9grit\u00e9 totale.\u00a0<\/p>\n\n<p><strong>3. Datation des \u0153uvres d\u2019art<\/strong>\u00a0<\/p>\n\n<p>La datation des \u0153uvres d\u2019art repose sur notre expertise et notre meilleur jugement professionnel. Les dates et p\u00e9riodes attribu\u00e9es aux \u0153uvres sont fournies \u00e0 titre d\u2019opinion et non comme des faits \u00e9tablis. RG Works of Art Kft. ne garantit pas l\u2019exactitude de ces datations. En achetant aupr\u00e8s de nous, vous reconnaissez et acceptez cette condition.\u00a0<\/p>\n\n<p><strong>4. Achats et paiement<\/strong>\u00a0<\/p>\n\n<ul class=\"wp-block-list\">\n<li>Tous les prix sont disponibles sur demande et peuvent \u00eatre communiqu\u00e9s par e-mail, par t\u00e9l\u00e9phone ou via le formulaire de contact du site web.\u00a0<\/li>\n<\/ul>\n\n<ul class=\"wp-block-list\">\n<li class=\"translation-block\">Les paiements peuvent \u00eatre effectu\u00e9s par <strong>virement bancaire<\/strong>, <strong>esp\u00e8ces<\/strong>, <strong>PayPal<\/strong> ou par <strong>carte de cr\u00e9dit majeure (Visa, etc.)<\/strong>.<\/li>\n<\/ul>\n\n<ul class=\"wp-block-list\">\n<li class=\"translation-block\">\u00c0 r\u00e9ception de la facture, le montant total doit \u00eatre r\u00e9gl\u00e9 dans un d\u00e9lai de <strong>14 jours calendaires<\/strong>.<\/li>\n<\/ul>\n\n<ul class=\"wp-block-list\">\n<li class=\"translation-block\">Une <strong>option de r\u00e9servation<\/strong> est disponible : un acompte de <strong>5 % du prix total<\/strong> est requis pour r\u00e9server une \u0153uvre pendant <strong>jusqu\u2019\u00e0 7 jours<\/strong>. Si l\u2019achat n\u2019est pas finalis\u00e9 dans ce d\u00e9lai, l\u2019acompte est perdu.<\/li>\n<\/ul>\n\n<ul class=\"wp-block-list\">\n<li class=\"translation-block\">Les prix <strong>incluent la TVA<\/strong>.<\/li>\n<\/ul>\n\n<ul class=\"wp-block-list\">\n<li class=\"translation-block\">Les prix <strong>incluent la TVA<\/strong>.<\/li>\n<\/ul>\n\n<p><strong>5. Retours et remboursements<\/strong>\u00a0<\/p>\n\n<p>Toutes les ventes sont consid\u00e9r\u00e9es comme d\u00e9finitives. Les retours ou remboursements ne seront accept\u00e9s que si :\u00a0<\/p>\n\n<ul class=\"wp-block-list\">\n<li class=\"translation-block\">L\u2019objet s\u2019av\u00e8re \u00eatre <strong>consid\u00e9rablement diff\u00e9rent de la description<\/strong>, ou<\/li>\n<\/ul>\n\n<ul class=\"wp-block-list\">\n<li class=\"translation-block\">L\u2019objet est <strong>endommag\u00e9 pendant le transport<\/strong> et ce dommage est couvert par l\u2019assurance exp\u00e9dition correspondante.<\/li>\n<\/ul>\n\n<p>Veuillez inspecter tous les envois d\u00e8s leur arriv\u00e9e et nous pr\u00e9venir imm\u00e9diatement en cas de probl\u00e8me.\u00a0<\/p>\n\n<p><strong>6. Exp\u00e9dition<\/strong>\u00a0<\/p>\n\n<ul class=\"wp-block-list\">\n<li class=\"translation-block\">Les prix <strong>n\u2019incluent pas<\/strong> les frais d\u2019exp\u00e9dition.<\/li>\n<\/ul>\n\n<ul class=\"wp-block-list\">\n<li class=\"translation-block\">Nous proposons la livraison via <strong>UPS<\/strong> et <strong>FedEx<\/strong>. D\u2019autres options peuvent \u00eatre organis\u00e9es sur demande.<\/li>\n<\/ul>\n\n<ul class=\"wp-block-list\">\n<li>Tous les frais d\u2019exp\u00e9dition, droits de douane et frais d\u2019assurance sont \u00e0 la charge de l\u2019acheteur, sauf accord \u00e9crit contraire.\u00a0<\/li>\n<\/ul>\n\n<ul class=\"wp-block-list\">\n<li>Nous ne sommes pas responsables des retards ou des dommages une fois l\u2019\u0153uvre exp\u00e9di\u00e9e, sauf si ceux-ci sont couverts par une assurance.\u00a0<\/li>\n<\/ul>\n\t\t\t\t\t\t\t\t<\/div>\n\t\t\t\t<\/div>\n\t\t\t\t\t<\/div>\n\t\t\t\t<\/div>\n\t\t\t\t<\/div>","protected":false},"excerpt":{"rendered":"<p>Terms &amp; Conditions Roland Gyetvai Works of Art Kft. \/ Gallery\u00a0 1. Acceptance of Terms\u00a0 By accessing, browsing, or using any services provided by Roland Gyetvai Works of Art Kft. (\u201cRG Works of Art\u201d, \u201cwe\u201d, \u201cus\u201d, or \u201cour\u201d), you agree to be bound by the following Terms and Conditions (\u201cTerms\u201d). These Terms apply to all [&hellip;]<\/p>","protected":false},"author":1,"featured_media":0,"parent":0,"menu_order":0,"comment_status":"closed","ping_status":"closed","template":"","meta":{"footnotes":""},"class_list":["post-147","page","type-page","status-publish","hentry"],"yoast_head":"<!-- This site is optimized with the Yoast SEO Premium plugin v25.0 (Yoast SEO v25.0) - https:\/\/yoast.com\/wordpress\/plugins\/seo\/ -->\n<title>Terms &amp; Conditions - RG Works of Art<\/title>\n<meta name=\"robots\" content=\"index, follow, max-snippet:-1, max-image-preview:large, max-video-preview:-1\" \/>\n<link rel=\"canonical\" href=\"https:\/\/rgartworks.com\/fr\/terms-conditions\/\" \/>\n<meta property=\"og:locale\" content=\"fr_FR\" \/>\n<meta property=\"og:type\" content=\"article\" \/>\n<meta property=\"og:title\" content=\"Terms &amp; Conditions\" \/>\n<meta property=\"og:description\" content=\"Terms &amp; Conditions Roland Gyetvai Works of Art Kft. \/ Gallery\u00a0 1. Acceptance of Terms\u00a0 By accessing, browsing, or using any services provided by Roland Gyetvai Works of Art Kft. (\u201cRG Works of Art\u201d, \u201cwe\u201d, \u201cus\u201d, or \u201cour\u201d), you agree to be bound by the following Terms and Conditions (\u201cTerms\u201d). These Terms apply to all [&hellip;]\" \/>\n<meta property=\"og:url\" content=\"https:\/\/rgartworks.com\/fr\/terms-conditions\/\" \/>\n<meta property=\"og:site_name\" content=\"RG Works of Art\" \/>\n<meta property=\"article:modified_time\" content=\"2025-08-08T10:57:19+00:00\" \/>\n<meta name=\"twitter:card\" content=\"summary_large_image\" \/>\n<meta name=\"twitter:label1\" content=\"Dur\u00e9e de lecture estim\u00e9e\" \/>\n\t<meta name=\"twitter:data1\" content=\"2 minutes\" \/>\n<script type=\"application\/ld+json\" class=\"yoast-schema-graph\">{\"@context\":\"https:\/\/schema.org\",\"@graph\":[{\"@type\":\"WebPage\",\"@id\":\"https:\/\/rgartworks.com\/terms-conditions\/\",\"url\":\"https:\/\/rgartworks.com\/terms-conditions\/\",\"name\":\"Terms &amp; Conditions - RG Works of Art\",\"isPartOf\":{\"@id\":\"https:\/\/www.rgartworks.com\/#website\"},\"datePublished\":\"2025-01-18T19:20:38+00:00\",\"dateModified\":\"2025-08-08T10:57:19+00:00\",\"breadcrumb\":{\"@id\":\"https:\/\/rgartworks.com\/terms-conditions\/#breadcrumb\"},\"inLanguage\":\"fr-FR\",\"potentialAction\":[{\"@type\":\"ReadAction\",\"target\":[\"https:\/\/rgartworks.com\/terms-conditions\/\"]}]},{\"@type\":\"BreadcrumbList\",\"@id\":\"https:\/\/rgartworks.com\/terms-conditions\/#breadcrumb\",\"itemListElement\":[{\"@type\":\"ListItem\",\"position\":1,\"name\":\"Home\",\"item\":\"https:\/\/www.rgartworks.com\/\"},{\"@type\":\"ListItem\",\"position\":2,\"name\":\"Terms &amp; Conditions\"}]},{\"@type\":\"WebSite\",\"@id\":\"https:\/\/www.rgartworks.com\/#website\",\"url\":\"https:\/\/www.rgartworks.com\/\",\"name\":\"RG Works of Art\",\"description\":\"Discover Serenity Through Buddhist Sculpture &amp; Art\",\"publisher\":{\"@id\":\"https:\/\/www.rgartworks.com\/#organization\"},\"potentialAction\":[{\"@type\":\"SearchAction\",\"target\":{\"@type\":\"EntryPoint\",\"urlTemplate\":\"https:\/\/www.rgartworks.com\/?s={search_term_string}\"},\"query-input\":{\"@type\":\"PropertyValueSpecification\",\"valueRequired\":true,\"valueName\":\"search_term_string\"}}],\"inLanguage\":\"fr-FR\"},{\"@type\":\"Organization\",\"@id\":\"https:\/\/www.rgartworks.com\/#organization\",\"name\":\"RG Works of Art\",\"url\":\"https:\/\/www.rgartworks.com\/\",\"logo\":{\"@type\":\"ImageObject\",\"inLanguage\":\"fr-FR\",\"@id\":\"https:\/\/www.rgartworks.com\/#\/schema\/logo\/image\/\",\"url\":\"https:\/\/rgartworks.com\/wp-content\/uploads\/2025\/01\/rgworksofartlogo.png\",\"contentUrl\":\"https:\/\/rgartworks.com\/wp-content\/uploads\/2025\/01\/rgworksofartlogo.png\",\"width\":500,\"height\":700,\"caption\":\"RG Works of Art\"},\"image\":{\"@id\":\"https:\/\/www.rgartworks.com\/#\/schema\/logo\/image\/\"}}]}<\/script>\n<!-- \/ Yoast SEO Premium plugin. -->","yoast_head_json":{"title":"Terms &amp; Conditions - RG Works of Art","robots":{"index":"index","follow":"follow","max-snippet":"max-snippet:-1","max-image-preview":"max-image-preview:large","max-video-preview":"max-video-preview:-1"},"canonical":"https:\/\/rgartworks.com\/fr\/terms-conditions\/","og_locale":"fr_FR","og_type":"article","og_title":"Terms &amp; Conditions","og_description":"Terms &amp; Conditions Roland Gyetvai Works of Art Kft. \/ Gallery\u00a0 1. Acceptance of Terms\u00a0 By accessing, browsing, or using any services provided by Roland Gyetvai Works of Art Kft. (\u201cRG Works of Art\u201d, \u201cwe\u201d, \u201cus\u201d, or \u201cour\u201d), you agree to be bound by the following Terms and Conditions (\u201cTerms\u201d). These Terms apply to all [&hellip;]","og_url":"https:\/\/rgartworks.com\/fr\/terms-conditions\/","og_site_name":"RG Works of Art","article_modified_time":"2025-08-08T10:57:19+00:00","twitter_card":"summary_large_image","twitter_misc":{"Dur\u00e9e de lecture estim\u00e9e":"2 minutes"},"schema":{"@context":"https:\/\/schema.org","@graph":[{"@type":"WebPage","@id":"https:\/\/rgartworks.com\/terms-conditions\/","url":"https:\/\/rgartworks.com\/terms-conditions\/","name":"Terms &amp; Conditions - RG Works of Art","isPartOf":{"@id":"https:\/\/www.rgartworks.com\/#website"},"datePublished":"2025-01-18T19:20:38+00:00","dateModified":"2025-08-08T10:57:19+00:00","breadcrumb":{"@id":"https:\/\/rgartworks.com\/terms-conditions\/#breadcrumb"},"inLanguage":"fr-FR","potentialAction":[{"@type":"ReadAction","target":["https:\/\/rgartworks.com\/terms-conditions\/"]}]},{"@type":"BreadcrumbList","@id":"https:\/\/rgartworks.com\/terms-conditions\/#breadcrumb","itemListElement":[{"@type":"ListItem","position":1,"name":"Home","item":"https:\/\/www.rgartworks.com\/"},{"@type":"ListItem","position":2,"name":"Terms &amp; Conditions"}]},{"@type":"WebSite","@id":"https:\/\/www.rgartworks.com\/#website","url":"https:\/\/www.rgartworks.com\/","name":"RG Works of Art","description":"Discover Serenity Through Buddhist Sculpture &amp; Art","publisher":{"@id":"https:\/\/www.rgartworks.com\/#organization"},"potentialAction":[{"@type":"SearchAction","target":{"@type":"EntryPoint","urlTemplate":"https:\/\/www.rgartworks.com\/?s={search_term_string}"},"query-input":{"@type":"PropertyValueSpecification","valueRequired":true,"valueName":"search_term_string"}}],"inLanguage":"fr-FR"},{"@type":"Organization","@id":"https:\/\/www.rgartworks.com\/#organization","name":"RG Works of Art","url":"https:\/\/www.rgartworks.com\/","logo":{"@type":"ImageObject","inLanguage":"fr-FR","@id":"https:\/\/www.rgartworks.com\/#\/schema\/logo\/image\/","url":"https:\/\/rgartworks.com\/wp-content\/uploads\/2025\/01\/rgworksofartlogo.png","contentUrl":"https:\/\/rgartworks.com\/wp-content\/uploads\/2025\/01\/rgworksofartlogo.png","width":500,"height":700,"caption":"RG Works of Art"},"image":{"@id":"https:\/\/www.rgartworks.com\/#\/schema\/logo\/image\/"}}]}},"_links":{"self":[{"href":"https:\/\/rgartworks.com\/fr\/wp-json\/wp\/v2\/pages\/147","targetHints":{"allow":["GET"]}}],"collection":[{"href":"https:\/\/rgartworks.com\/fr\/wp-json\/wp\/v2\/pages"}],"about":[{"href":"https:\/\/rgartworks.com\/fr\/wp-json\/wp\/v2\/types\/page"}],"author":[{"embeddable":true,"href":"https:\/\/rgartworks.com\/fr\/wp-json\/wp\/v2\/users\/1"}],"replies":[{"embeddable":true,"href":"https:\/\/rgartworks.com\/fr\/wp-json\/wp\/v2\/comments?post=147"}],"version-history":[{"count":9,"href":"https:\/\/rgartworks.com\/fr\/wp-json\/wp\/v2\/pages\/147\/revisions"}],"predecessor-version":[{"id":3558,"href":"https:\/\/rgartworks.com\/fr\/wp-json\/wp\/v2\/pages\/147\/revisions\/3558"}],"wp:attachment":[{"href":"https:\/\/rgartworks.com\/fr\/wp-json\/wp\/v2\/media?parent=147"}],"curies":[{"name":"wp","href":"https:\/\/api.w.org\/{rel}","templated":true}]}}