{"id":147,"date":"2025-01-18T19:20:38","date_gmt":"2025-01-18T19:20:38","guid":{"rendered":"https:\/\/rgartworks.com\/?page_id=147"},"modified":"2025-08-08T10:57:19","modified_gmt":"2025-08-08T10:57:19","slug":"terms-conditions","status":"publish","type":"page","link":"https:\/\/rgartworks.com\/de\/terms-conditions\/","title":{"rendered":"Nutzungsbedingungen"},"content":{"rendered":"<div data-elementor-type=\"wp-page\" data-elementor-id=\"147\" class=\"elementor elementor-147\" data-elementor-post-type=\"page\">\n\t\t\t\t<div class=\"elementor-element elementor-element-240d0c29 e-flex e-con-boxed e-con e-parent\" data-id=\"240d0c29\" data-element_type=\"container\">\n\t\t\t\t\t<div class=\"e-con-inner\">\n\t\t\t\t<div class=\"elementor-element elementor-element-3e6316e2 elementor-widget elementor-widget-text-editor\" data-id=\"3e6316e2\" data-element_type=\"widget\" data-widget_type=\"text-editor.default\">\n\t\t\t\t<div class=\"elementor-widget-container\">\n\t\t\t\t\t\t\t\t\t\n<p><strong>Nutzungsbedingungen<\/strong><\/p>\n<p><strong>Roland Gyetvai Works of Art GmbH \/ Galerie<\/strong>\u00a0<\/p>\n\n<p><strong>1. Annahme der Bedingungen<\/strong>\u00a0<\/p>\n\n<p>Durch den Zugriff auf, das Durchsuchen oder die Nutzung von Dienstleistungen der Roland Gyetvai Works of Art Kft. (\u201eRG Works of Art\u201c, \u201ewir\u201c, \u201euns\u201c oder \u201eunser\u201c) erkl\u00e4ren Sie sich mit den folgenden Allgemeinen Gesch\u00e4ftsbedingungen (\u201eBedingungen\u201c) einverstanden. Diese Bedingungen gelten f\u00fcr alle Besucher, Nutzer und Kunden, die auf unsere Dienstleistungen zugreifen oder diese nutzen.\u00a0<\/p>\n\n<p><strong>2. Echtheitsgarantie<\/strong>\u00a0<\/p>\n\n<p>Wir garantieren, dass alle zum Verkauf angebotenen Kunstwerke echt sind und der Beschreibung sowie den Abbildungen entsprechen. Jedes Werk wird mit gr\u00f6\u00dfter Sorgfalt und Integrit\u00e4t pr\u00e4sentiert.\u00a0<\/p>\n\n<p><strong>3. Datierung der Kunstwerke<\/strong>\u00a0<\/p>\n\n<p>Die Datierung der Kunstwerke basiert auf unserer fachlichen Expertise und unserem besten professionellen Urteil. Die den Kunstwerken zugeordneten Daten und Epochen stellen Meinungen dar und keine Tatsachenbehauptungen. RG Works of Art Kft. \u00fcbernimmt keine Gew\u00e4hr f\u00fcr die Genauigkeit dieser Datierungen. Mit dem Kauf erkennen Sie diese Bedingung an und akzeptieren sie.\u00a0<\/p>\n\n<p><strong>4. K\u00e4ufe und Zahlungen<\/strong>\u00a0<\/p>\n\n<ul class=\"wp-block-list\">\n<li>Alle Preise sind auf Anfrage erh\u00e4ltlich und k\u00f6nnen per E-Mail, telefonisch oder \u00fcber das Kontaktformular auf der Website mitgeteilt werden.\u00a0<\/li>\n<\/ul>\n\n<ul class=\"wp-block-list\">\n<li class=\"translation-block\">Zahlungen k\u00f6nnen per <strong>Bank\u00fcberweisung<\/strong>, <strong>Barzahlung<\/strong>, <strong>PayPal<\/strong> oder mit <strong>g\u00e4ngigen Kreditkarten (Visa usw.)<\/strong> erfolgen.<\/li>\n<\/ul>\n\n<ul class=\"wp-block-list\">\n<li class=\"translation-block\">Nach Erhalt der Rechnung ist der Gesamtbetrag innerhalb von <strong>14 Kalendertagen<\/strong> zu zahlen.<\/li>\n<\/ul>\n\n<ul class=\"wp-block-list\">\n<li class=\"translation-block\">Es besteht eine <strong>Reservierungsoption<\/strong>: Zur Reservierung eines Kunstwerks f\u00fcr <strong>bis zu 7 Tage<\/strong> ist eine Anzahlung von <strong>5 % des Gesamtpreises<\/strong> erforderlich. Wird der Kauf innerhalb dieser Frist nicht abgeschlossen, verf\u00e4llt die Anzahlung.<\/li>\n<\/ul>\n\n<ul class=\"wp-block-list\">\n<li class=\"translation-block\">Die Preise <strong>einschlie\u00dfen die Mehrwertsteuer (MwSt.)<\/strong>.<\/li>\n<\/ul>\n\n<ul class=\"wp-block-list\">\n<li class=\"translation-block\">Die Preise <strong>beinhalten die Mehrwertsteuer (MwSt.)<\/strong>.<\/li>\n<\/ul>\n\n<p><strong>5. R\u00fcckgaben und R\u00fcckerstattungen<\/strong>\u00a0<\/p>\n\n<p>Alle Verk\u00e4ufe gelten als endg\u00fcltig. R\u00fcckgaben oder R\u00fcckerstattungen werden nur akzeptiert, wenn:\u00a0<\/p>\n\n<ul class=\"wp-block-list\">\n<li class=\"translation-block\">Der Artikel erweist sich als <strong>erheblich von der Beschreibung abweichend<\/strong>, oder<\/li>\n<\/ul>\n\n<ul class=\"wp-block-list\">\n<li class=\"translation-block\">Der Artikel wird <strong>w\u00e4hrend des Versands besch\u00e4digt<\/strong>, und dieser Schaden ist durch die entsprechende Versandversicherung abgedeckt.<\/li>\n<\/ul>\n\n<p>Bitte pr\u00fcfen Sie alle Sendungen umgehend nach Ankunft und informieren Sie uns sofort bei etwaigen Problemen.\u00a0<\/p>\n\n<p><strong>6. Versand<\/strong>\u00a0<\/p>\n\n<ul class=\"wp-block-list\">\n<li class=\"translation-block\">Die Preise <strong>beinhalten nicht<\/strong> die Versandkosten.<\/li>\n<\/ul>\n\n<ul class=\"wp-block-list\">\n<li class=\"translation-block\">Wir bieten den Versand \u00fcber <strong>UPS<\/strong> und <strong>FedEx<\/strong> an. Weitere Optionen k\u00f6nnen auf Anfrage arrangiert werden.<\/li>\n<\/ul>\n\n<ul class=\"wp-block-list\">\n<li>Alle Versandkosten, Z\u00f6lle und Versicherungsgeb\u00fchren gehen, sofern nicht schriftlich anders vereinbart, zulasten des K\u00e4ufers.\u00a0<\/li>\n<\/ul>\n\n<ul class=\"wp-block-list\">\n<li>Wir haften nicht f\u00fcr Verz\u00f6gerungen oder Sch\u00e4den, sobald das Kunstwerk versendet wurde, es sei denn, diese sind durch eine Versicherung abgedeckt.\u00a0<\/li>\n<\/ul>\n\t\t\t\t\t\t\t\t<\/div>\n\t\t\t\t<\/div>\n\t\t\t\t\t<\/div>\n\t\t\t\t<\/div>\n\t\t\t\t<\/div>","protected":false},"excerpt":{"rendered":"<p>Terms &amp; Conditions Roland Gyetvai Works of Art Kft. \/ Gallery\u00a0 1. Acceptance of Terms\u00a0 By accessing, browsing, or using any services provided by Roland Gyetvai Works of Art Kft. (\u201cRG Works of Art\u201d, \u201cwe\u201d, \u201cus\u201d, or \u201cour\u201d), you agree to be bound by the following Terms and Conditions (\u201cTerms\u201d). These Terms apply to all [&hellip;]<\/p>","protected":false},"author":1,"featured_media":0,"parent":0,"menu_order":0,"comment_status":"closed","ping_status":"closed","template":"","meta":{"footnotes":""},"class_list":["post-147","page","type-page","status-publish","hentry"],"yoast_head":"<!-- This site is optimized with the Yoast SEO Premium plugin v25.0 (Yoast SEO v25.0) - https:\/\/yoast.com\/wordpress\/plugins\/seo\/ -->\n<title>Terms &amp; Conditions - RG Works of Art<\/title>\n<meta name=\"robots\" content=\"index, follow, max-snippet:-1, max-image-preview:large, max-video-preview:-1\" \/>\n<link rel=\"canonical\" href=\"https:\/\/rgartworks.com\/de\/terms-conditions\/\" \/>\n<meta property=\"og:locale\" content=\"de_DE\" \/>\n<meta property=\"og:type\" content=\"article\" \/>\n<meta property=\"og:title\" content=\"Terms &amp; Conditions\" \/>\n<meta property=\"og:description\" content=\"Terms &amp; Conditions Roland Gyetvai Works of Art Kft. \/ Gallery\u00a0 1. Acceptance of Terms\u00a0 By accessing, browsing, or using any services provided by Roland Gyetvai Works of Art Kft. (\u201cRG Works of Art\u201d, \u201cwe\u201d, \u201cus\u201d, or \u201cour\u201d), you agree to be bound by the following Terms and Conditions (\u201cTerms\u201d). These Terms apply to all [&hellip;]\" \/>\n<meta property=\"og:url\" content=\"https:\/\/rgartworks.com\/de\/terms-conditions\/\" \/>\n<meta property=\"og:site_name\" content=\"RG Works of Art\" \/>\n<meta property=\"article:modified_time\" content=\"2025-08-08T10:57:19+00:00\" \/>\n<meta name=\"twitter:card\" content=\"summary_large_image\" \/>\n<meta name=\"twitter:label1\" content=\"Gesch\u00e4tzte Lesezeit\" \/>\n\t<meta name=\"twitter:data1\" content=\"2\u00a0Minuten\" \/>\n<script type=\"application\/ld+json\" class=\"yoast-schema-graph\">{\"@context\":\"https:\/\/schema.org\",\"@graph\":[{\"@type\":\"WebPage\",\"@id\":\"https:\/\/rgartworks.com\/terms-conditions\/\",\"url\":\"https:\/\/rgartworks.com\/terms-conditions\/\",\"name\":\"Terms &amp; Conditions - RG Works of Art\",\"isPartOf\":{\"@id\":\"https:\/\/www.rgartworks.com\/#website\"},\"datePublished\":\"2025-01-18T19:20:38+00:00\",\"dateModified\":\"2025-08-08T10:57:19+00:00\",\"breadcrumb\":{\"@id\":\"https:\/\/rgartworks.com\/terms-conditions\/#breadcrumb\"},\"inLanguage\":\"de\",\"potentialAction\":[{\"@type\":\"ReadAction\",\"target\":[\"https:\/\/rgartworks.com\/terms-conditions\/\"]}]},{\"@type\":\"BreadcrumbList\",\"@id\":\"https:\/\/rgartworks.com\/terms-conditions\/#breadcrumb\",\"itemListElement\":[{\"@type\":\"ListItem\",\"position\":1,\"name\":\"Home\",\"item\":\"https:\/\/www.rgartworks.com\/\"},{\"@type\":\"ListItem\",\"position\":2,\"name\":\"Terms &amp; Conditions\"}]},{\"@type\":\"WebSite\",\"@id\":\"https:\/\/www.rgartworks.com\/#website\",\"url\":\"https:\/\/www.rgartworks.com\/\",\"name\":\"RG Works of Art\",\"description\":\"Discover Serenity Through Buddhist Sculpture &amp; Art\",\"publisher\":{\"@id\":\"https:\/\/www.rgartworks.com\/#organization\"},\"potentialAction\":[{\"@type\":\"SearchAction\",\"target\":{\"@type\":\"EntryPoint\",\"urlTemplate\":\"https:\/\/www.rgartworks.com\/?s={search_term_string}\"},\"query-input\":{\"@type\":\"PropertyValueSpecification\",\"valueRequired\":true,\"valueName\":\"search_term_string\"}}],\"inLanguage\":\"de\"},{\"@type\":\"Organization\",\"@id\":\"https:\/\/www.rgartworks.com\/#organization\",\"name\":\"RG Works of Art\",\"url\":\"https:\/\/www.rgartworks.com\/\",\"logo\":{\"@type\":\"ImageObject\",\"inLanguage\":\"de\",\"@id\":\"https:\/\/www.rgartworks.com\/#\/schema\/logo\/image\/\",\"url\":\"https:\/\/rgartworks.com\/wp-content\/uploads\/2025\/01\/rgworksofartlogo.png\",\"contentUrl\":\"https:\/\/rgartworks.com\/wp-content\/uploads\/2025\/01\/rgworksofartlogo.png\",\"width\":500,\"height\":700,\"caption\":\"RG Works of Art\"},\"image\":{\"@id\":\"https:\/\/www.rgartworks.com\/#\/schema\/logo\/image\/\"}}]}<\/script>\n<!-- \/ Yoast SEO Premium plugin. -->","yoast_head_json":{"title":"Terms &amp; Conditions - RG Works of Art","robots":{"index":"index","follow":"follow","max-snippet":"max-snippet:-1","max-image-preview":"max-image-preview:large","max-video-preview":"max-video-preview:-1"},"canonical":"https:\/\/rgartworks.com\/de\/terms-conditions\/","og_locale":"de_DE","og_type":"article","og_title":"Terms &amp; Conditions","og_description":"Terms &amp; Conditions Roland Gyetvai Works of Art Kft. \/ Gallery\u00a0 1. Acceptance of Terms\u00a0 By accessing, browsing, or using any services provided by Roland Gyetvai Works of Art Kft. (\u201cRG Works of Art\u201d, \u201cwe\u201d, \u201cus\u201d, or \u201cour\u201d), you agree to be bound by the following Terms and Conditions (\u201cTerms\u201d). These Terms apply to all [&hellip;]","og_url":"https:\/\/rgartworks.com\/de\/terms-conditions\/","og_site_name":"RG Works of Art","article_modified_time":"2025-08-08T10:57:19+00:00","twitter_card":"summary_large_image","twitter_misc":{"Gesch\u00e4tzte Lesezeit":"2\u00a0Minuten"},"schema":{"@context":"https:\/\/schema.org","@graph":[{"@type":"WebPage","@id":"https:\/\/rgartworks.com\/terms-conditions\/","url":"https:\/\/rgartworks.com\/terms-conditions\/","name":"Terms &amp; Conditions - RG Works of Art","isPartOf":{"@id":"https:\/\/www.rgartworks.com\/#website"},"datePublished":"2025-01-18T19:20:38+00:00","dateModified":"2025-08-08T10:57:19+00:00","breadcrumb":{"@id":"https:\/\/rgartworks.com\/terms-conditions\/#breadcrumb"},"inLanguage":"de","potentialAction":[{"@type":"ReadAction","target":["https:\/\/rgartworks.com\/terms-conditions\/"]}]},{"@type":"BreadcrumbList","@id":"https:\/\/rgartworks.com\/terms-conditions\/#breadcrumb","itemListElement":[{"@type":"ListItem","position":1,"name":"Home","item":"https:\/\/www.rgartworks.com\/"},{"@type":"ListItem","position":2,"name":"Terms &amp; Conditions"}]},{"@type":"WebSite","@id":"https:\/\/www.rgartworks.com\/#website","url":"https:\/\/www.rgartworks.com\/","name":"RG Works of Art","description":"Discover Serenity Through Buddhist Sculpture &amp; Art","publisher":{"@id":"https:\/\/www.rgartworks.com\/#organization"},"potentialAction":[{"@type":"SearchAction","target":{"@type":"EntryPoint","urlTemplate":"https:\/\/www.rgartworks.com\/?s={search_term_string}"},"query-input":{"@type":"PropertyValueSpecification","valueRequired":true,"valueName":"search_term_string"}}],"inLanguage":"de"},{"@type":"Organization","@id":"https:\/\/www.rgartworks.com\/#organization","name":"RG Works of Art","url":"https:\/\/www.rgartworks.com\/","logo":{"@type":"ImageObject","inLanguage":"de","@id":"https:\/\/www.rgartworks.com\/#\/schema\/logo\/image\/","url":"https:\/\/rgartworks.com\/wp-content\/uploads\/2025\/01\/rgworksofartlogo.png","contentUrl":"https:\/\/rgartworks.com\/wp-content\/uploads\/2025\/01\/rgworksofartlogo.png","width":500,"height":700,"caption":"RG Works of Art"},"image":{"@id":"https:\/\/www.rgartworks.com\/#\/schema\/logo\/image\/"}}]}},"_links":{"self":[{"href":"https:\/\/rgartworks.com\/de\/wp-json\/wp\/v2\/pages\/147","targetHints":{"allow":["GET"]}}],"collection":[{"href":"https:\/\/rgartworks.com\/de\/wp-json\/wp\/v2\/pages"}],"about":[{"href":"https:\/\/rgartworks.com\/de\/wp-json\/wp\/v2\/types\/page"}],"author":[{"embeddable":true,"href":"https:\/\/rgartworks.com\/de\/wp-json\/wp\/v2\/users\/1"}],"replies":[{"embeddable":true,"href":"https:\/\/rgartworks.com\/de\/wp-json\/wp\/v2\/comments?post=147"}],"version-history":[{"count":9,"href":"https:\/\/rgartworks.com\/de\/wp-json\/wp\/v2\/pages\/147\/revisions"}],"predecessor-version":[{"id":3558,"href":"https:\/\/rgartworks.com\/de\/wp-json\/wp\/v2\/pages\/147\/revisions\/3558"}],"wp:attachment":[{"href":"https:\/\/rgartworks.com\/de\/wp-json\/wp\/v2\/media?parent=147"}],"curies":[{"name":"wp","href":"https:\/\/api.w.org\/{rel}","templated":true}]}}